{"id":1483,"date":"2021-04-24T20:16:13","date_gmt":"2021-04-24T20:16:13","guid":{"rendered":"http:\/\/www.vinsicafealaenescu.ro\/?page_id=1483"},"modified":"2021-04-24T20:31:55","modified_gmt":"2021-04-24T20:31:55","slug":"politica-cookie","status":"publish","type":"page","link":"https:\/\/www.vinsicafealaenescu.ro\/index.php\/politica-cookie\/","title":{"rendered":"Politica cookie"},"content":{"rendered":"<div class=\"post-info\">\n<h1><span>Politica Cookies<\/span><\/h1>\n<ol>\n<li>Cookie-uri necesare (NU necesit\u0103 acordul dumneavoastr\u0103 prealabil): sunt necesare pentru func\u021bionarea site-ului web \u0219i v\u0103 permit accesul la elementele relevante (cookie-uri de navigare): acestea sunt \u00een principal cookie-urile de sesiune. De asemenea, putem utiliza cookie-uri func\u021bionale care ne permit s\u0103 salv\u0103m preferin\u021bele \u0219i set\u0103rile dumneavoastr\u0103 \u0219i s\u0103 \u00eembun\u0103t\u0103\u021bim experien\u021ba dumneavoastr\u0103 de navigare pe site-ul nostru web (f\u0103r\u0103 limitare, prin stocarea identit\u0103\u021bii dumneavoastr\u0103 \u00een calitate de utilizator \u00eenregistrat al site-ului web atunci c\u00e2nd selecta\u021bi op\u021biunea \u201eReamintire\u201d, prin direc\u021bionarea dumneavoastr\u0103 c\u0103tre paginile web \u00een limba aleas\u0103 de dumneavoastr\u0103 sau \u00een limba \u021b\u0103rii din care accesa\u021bi site-ul web, prin \u00eenregistrarea preferin\u021belor dumneavoastr\u0103 cu privire la acceptarea sau nu de cookie-uri de profilare). Pentru a asigura o bun\u0103 func\u021bionare a acestor cookie-uri, precum \u0219i pentru a asigura \u00eenregistrarea preferin\u021belor dumneavoastr\u0103, aceste cookie-uri nu vor fi \u0219terse atunci c\u00e2nd finaliza\u021bi navigarea. Cu toate acestea, aceste cookie-uri vor avea o perioad\u0103 de valabilitate (nu mai lung\u0103 de 2 ani) dup\u0103 care vor fi dezactivate \u00een mod automat. Aceste cookie-uri \u0219i informa\u021biile incluse \u00een acestea nu vor fi utilizate \u00een alte scopuri dec\u00e2t cele descrise mai sus. Instalarea de cookie-uri tehnice nu necesit\u0103 acordul dumneavoastr\u0103 prealabil: le set\u0103m \u00een mod automat \u00een dispozitivul dumneavoastr\u0103 atunci c\u00e2nd accesa\u021bi site-ul web sau solicita\u021bi anumite elemente (de ex. atunci c\u00e2nd face\u021bi click pe op\u021biunea \u201eReamintire\u201d). Pute\u021bi decide s\u0103 dezactiva\u021bi cookie-uri \u00een orice moment prin modificarea set\u0103rilor browser-ului relevant. Cu toate acestea, acest lucru v\u0103 poate \u00eempiedica s\u0103 vizualiza\u021bi corect site-ul web.<\/li>\n<li>Cookie-uri de profilare (necesit\u0103 ACORDUL dumneavoastr\u0103 prealabil): site-ul nostru web utilizeaz\u0103 \u0219i cookie-uri de profilare, care pot fi instalate doar cu acordul dumneavoastr\u0103 prealabil. \u00cen plus, site-ul nostru web poate seta, de asemenea, cookie-uri apar\u021bin\u00e2nd unor ter\u021be p\u0103r\u021bi, cu condi\u021bia s\u0103 v\u0103 exprima\u021bi \u00eentotdeauna acordul \u00een prealabil cu privire la instalarea respectiv\u0103. Aceste ter\u021be p\u0103r\u021bi pot accesa informa\u021biile colectate prin cookie-urile lor. Aceste ter\u021be p\u0103r\u021bi sunt:<\/li>\n<\/ol>\n<p>Google Inc. (prin serviciile sale Google Analytics \u0219i Google Doubleclick \u0219i, dup\u0103 caz, prin Google Plus plug-in)<\/p>\n<p>Facebook (prin plug-in-uri)<\/p>\n<p>Instagram (prin plug-in-uri)<\/p>\n<p>Cookie-urile de profilare pot include, conform defini\u021biei Autorit\u0103\u021bilor Europene de Reglementare din domeniul protec\u021biei datelor cu caracter personal, cookie-uri de profilare \u00een scopuri publicitare, cookie-uri de retargeting, cookie-uri de social media \u0219i cookie-uri de analiz\u0103, altele dec\u00e2t cele utilizate exclusiv \u00een scopul analizei statistice agregate.<\/p>\n<ul>\n<li><strong>Cookie-uri de preferin\u021be<\/strong>: permit unui site s\u0103 \u00ee\u015fi aminteasc\u0103 informa\u0163ii care se modific\u0103 dup\u0103 modul \u00een care se comport\u0103 sau arat\u0103 site-ul, precum limba dvs. preferat\u0103 sau regiunea \u00een care v\u0103 afla\u0163i. \u00cen unele cazuri, aceste cookie-uri pot fi incluse in categoria cookie-urilor necesare, pentru a putea permite rularea versiunii site-ului aplicabil\u0103 pentru regiunea geografic\u0103 \u00een care v\u0103 afla\u021bi.<\/li>\n<li><strong>Cookie-uri de statistici<\/strong>: colecteaz\u0103 informa\u021bii despre modul \u00een care vizitatorii folosesc o pagin\u0103 de internet, cum ar fi ce pagini sunt cele mai populare, ce metod\u0103 de conectare a paginilor este cea mai eficace \u0219i dac\u0103 utilizatorii primesc mesaje de eroare de la paginile de internet. Aceste cookie-uri ne permit s\u0103 oferim utilizatorilor o experien\u021b\u0103 de utilizare de \u00eenalt\u0103 calitate, s\u0103 test\u0103m versiuni diferite ale paginii \u015fi au rolul de a contribui la \u00eembun\u0103t\u0103\u021birea modului \u00een care func\u021bioneaz\u0103 pagina noastr\u0103 de internet, precum \u015fi la segmentarea demografic\u0103 a audien\u0163ei, care mai departe este folosit\u0103 \u00een personalizarea publicit\u0103\u0163ii dac\u0103 acest scop este permis.<\/li>\n<li><strong>Cookie-uri de marketing<\/strong>, ce pot cuprinde:\n<ul>\n<li><u>Cookie-uri de profilare \u00een scopuri publicitare<\/u>: acestea creeaz\u0103 profiluri de utilizatori destinate reclamelor care corespund preferin\u021belor manifestate de utilizatori \u00een navigarea web;<\/li>\n<li><u>Cookie-uri de retargeting<\/u>: acestea sunt utilizate pentru a servi reclamelor referitoare la produse care sunt similare cu cele pentru care v\u0103 manifesta\u021bi interesul (de ex. afi\u0219area de pagini privind produsele pe care le-a\u021bi vizitat pe site-ul nostru web atunci c\u00e2nd naviga\u021bi pe site-uri web afiliate) sau m\u0103surarea eficien\u021bei campaniilor de marketing (derulate de noi sau ter\u021be p\u0103r\u021bi);<\/li>\n<li><u>Cookie-uri de analiz\u0103<\/u>: acestea \u00eenregistreaz\u0103 alegerile \u0219i activitatea dumneavoastr\u0103 pe site-ul nostru web pentru a efectua o analiz\u0103 statistic\u0103, pentru noi sau pentru ter\u021be p\u0103r\u021bi, prin urm\u0103rirea preferin\u021belor dumneavoastr\u0103 \u0219i a comportamentului dumneavoastr\u0103 \u00een navigare, \u0219i pentru a servi reclamelor personalizate pentru dumneavoastr\u0103;<\/li>\n<li><u>Cookie-uri de social media<\/u>: mai mult, site-ul nostru web permite anumitor re\u021bele sociale (de ex. Facebook, Twitter) s\u0103 \u00ee\u0219i instaleze propriile cookie-uri prin intermediul plug-in-urilor acestora. Aceste cookie-uri sunt administrate direct de ter\u021be p\u0103r\u021bi \u0219i pot fi utilizate, de asemenea, pentru a servi reclamelor care sunt conforme cu preferin\u021bele dumneavoastr\u0103, atunci c\u00e2nd naviga\u021bi pe alte site-uri web.<\/li>\n<\/ul>\n<\/li>\n<\/ul>\n<p>Toate aceste cookie-uri sunt instalate doar cu acordul dumneavoastr\u0103 prealabil. Din acest motiv, atunci c\u00e2nd accesa\u021bi site-ul nostru web este afi\u0219at un banner special care:<\/p>\n<ol>\n<li>v\u0103 informeaz\u0103 c\u0103 site-ul nostru web utilizeaz\u0103 cookie-uri pentru a m\u0103sura traficul \u0219i audien\u021ba pe site, pentru a integra func\u021bii ale re\u021belelor sociale \u0219i pentru a personaliza publicitatea \u0219i, de asemenea, c\u0103 le oferim partenerilor de re\u021bele sociale, de publicitate \u0219i de analize informa\u021bii cu privire la modul \u00een care folosi\u021bi site-ul nostru, \u0219i<\/li>\n<li>v\u0103 d\u0103 posibilitatea de a v\u0103 exprima op\u021biunea cu privire la categoriile de cookie-uri pe care site-ul nostru web le instaleaz\u0103 pe dispozitivele dumneavoastr\u0103 (cu excep\u021bia celor necesare, care sunt instalate automat, la momentul acces\u0103rii site-ului web). Dup\u0103 exprimarea op\u021biunii dumneavoastr\u0103, banner-ul de cookie-uri va disp\u0103rea. Vom urm\u0103ri op\u021biunea\/consim\u021b\u0103m\u00e2ntul dumneavoastr\u0103 (dac\u0103 este cazul) prin intermediul unui cookie tehnic specific. Ca o consecin\u021b\u0103, bannerul de cookie-uri nu va mai fi afi\u0219at dac\u0103 vizita\u021bi din nou site-ul nostru web \u00een viitor. \u00cen cazul \u00een care ve\u021bi decide s\u0103 \u0219terge\u021bi cookie-urile tehnice, v\u0103 rug\u0103m s\u0103 \u021bine\u021bi cont de faptul c\u0103 vom pierde eviden\u021ba op\u021biunilor\/consim\u021b\u0103m\u00e2ntului dumneavoastr\u0103 \u0219i, ca atare, bannerul de cookie-uri v\u0103 va fi prezentat din nou la urm\u0103toarea dumneavoastr\u0103 vizit\u0103 pe site-ul nostru web. Pute\u021bi decide \u00een orice moment, la libera dumneavoastr\u0103 alegere, s\u0103 bloca\u021bi set\u0103rile cookie-urilor de profilare sau s\u0103 v\u0103 retrage\u021bi consim\u021b\u0103m\u00e2ntul exprimat \u00een prealabil f\u0103r\u0103 ca acest lucru s\u0103 afecteze capacitatea dumneavoastr\u0103 de a vizita site-ul web \u0219i de a beneficia de con\u021binutul relevant. Dac\u0103 dori\u021bi s\u0103 afla\u021bi mai multe informa\u021bii \u00een acest sens, v\u0103 rug\u0103m s\u0103 citi\u021bi cu aten\u021bie politicile referitoare la cookie-urile ter\u021bilor care sunt disponibile la urm\u0103toarele link-uri de mai jos.<\/li>\n<\/ol>\n<p><strong>Cum s\u0103 activ\u0103m \u0219i s\u0103 dezactiv\u0103m cookie-uri<\/strong><\/p>\n<p>Toate cookie-urile (cookie-uri tehnice \u0219i cookie-uri de profilare)<\/p>\n<p>Pute\u021bi decide dac\u0103 dori\u021bi s\u0103 permite\u021bi instalarea de cookie-uri \u0219i prin utilizarea sec\u021biunii de set\u0103ri a browser-ului dumneavoastr\u0103. Cu toate acestea, \u00een cazul \u00een care dezactiva\u021bi unul sau mai multe cookie-uri, anumite elemente din acest site web pot fi afectate ca o consecin\u021b\u0103 (v\u0103 rug\u0103m s\u0103 \u021bine\u021bi cont de faptul c\u0103 sunt necesare cookie-urile de navigare pentru o bun\u0103 func\u021bionare a elementelor de baz\u0103 ale site-ului web). Configura\u021bia browser-ului \u00een leg\u0103tur\u0103 cu aceast\u0103 alegere poate fi monitorizat\u0103 \u0219i modificat\u0103 \u00een sec\u021biunea de set\u0103ri a browser-ului dumneavoastr\u0103. V\u0103 rug\u0103m s\u0103 selecta\u021bi browser-ul dumneavoastr\u0103 dintre cele de mai jos pentru a primi informa\u021bii privind modul \u00een care pute\u021bi modifica set\u0103rile relevante referitoare la cookie-uri.<\/p>\n<p><a href=\"https:\/\/support.google.com\/chrome\/answer\/95647?hl=RO\">Chrome<\/a><\/p>\n<p><a href=\"https:\/\/support.mozilla.org\/en-US\/kb\/delete-cookies-remove-info-websites-stored\">Firefox<\/a><\/p>\n<p><a href=\"https:\/\/support.microsoft.com\/en-us\/help\/17442\/windows-internet-explorer-delete-manage-cookies#ie=ie-10\">IE<\/a><\/p>\n<p><a href=\"https:\/\/www.opera.com\/help\/tutorials\/security\/cookies\/\">Opera<\/a><\/p>\n<p><a href=\"https:\/\/support.apple.com\/ro-ro\/HT201265\">Safari<\/a><\/p>\n<p><u>Cookie-uri ter\u021b\u0103 parte care necesit\u0103 acordul:<\/u><\/p>\n<p>Instalarea de cookie-uri de profilare, retargeting, de analiz\u0103 \u0219i de social media apar\u021bin\u00e2nd unor ter\u021be p\u0103r\u021bi, precum \u0219i orice alt\u0103 activitate referitoare la asemenea cookie-uri, incluz\u00e2nd colectarea \u0219i prelucrarea informa\u021biilor, vor fi responsabilitatea unor asemenea ter\u021be p\u0103r\u021bi. Dac\u0103 dori\u021bi s\u0103 afla\u021bi mai multe informa\u021bii privind aceste cookie-uri \u0219i ter\u021bele p\u0103r\u021bi care pot accesa informa\u021biile colectate sau modul \u00een care acestea pot fi activate sau dezactivate, pute\u021bi citi politica unor asemenea ter\u021be p\u0103r\u021bi referitoare la cookie-uri f\u0103c\u00e2nd click pe oricare dintre urm\u0103toarele link-uri:<\/p>\n<p><a href=\"https:\/\/developers.google.com\/analytics\/devguides\/collection\/analyticsjs\/cookie-usage?hl=en-US\">Google Analytics<\/a><\/p>\n<p><a href=\"https:\/\/adssettings.google.com\/\">Google Doubleclick<\/a><\/p>\n<p><a href=\"https:\/\/www.facebook.com\/policies\/cookies\/\">Facebook<\/a><\/p>\n<p>\u00cen plus, anumite re\u021bele de publicitate v\u0103 permit s\u0103 refuza\u021bi s\u0103 v\u0103 exprima\u021bi consim\u021b\u0103m\u00e2ntul pentru comunic\u0103ri personalizate. Acest lucru nu \u00eempiedic\u0103 instalarea de cookie-uri, \u00eens\u0103 va suspenda utilizarea \u0219i colectarea anumitor date de c\u0103tre companiile de publicitate afiliate re\u021belei. V\u0103 rug\u0103m s\u0103 \u021bine\u021bi cont de faptul c\u0103, de\u0219i aceste re\u021bele includ multe dintre principalele companii de publicitate, o ter\u021b\u0103 parte care seteaz\u0103 cookie-uri prin intermediul site-ului web, este posibil s\u0103 nu apar\u021bin\u0103 oric\u0103rei asemenea re\u021bele \u0219i, ca atare, pute\u021bi continua s\u0103 primi\u021bi cookie-uri de la respectiva ter\u021b\u0103 parte. Dac\u0103 dori\u021bi s\u0103 afla\u021bi mai multe informa\u021bii cu privire la acest subiect, v\u0103 invit\u0103m s\u0103 vizita\u021bi urm\u0103toarea adres\u0103: <a href=\"http:\/\/www.youronlinechoices.com\/ro\">http:\/\/www.youronlinechoices.com\/ro<\/a><\/p>\n<p>Dac\u0103 dori\u021bi s\u0103 afla\u021bi mai multe informa\u021bii privind metodele \u0219i scopurile prelucr\u0103rii, precum \u0219i privind exercitarea drepturilor acordate utilizatorilor potrivit Regulamentului General privind Protec\u021bia Datelor \u0219i Directivei e-Privacy aplicabile la nivelul UE, v\u0103 rug\u0103m s\u0103 citi\u021bi cu aten\u021bie politica noastr\u0103 privind protec\u021bia datelor. V\u0103 recomand\u0103m \u0219i v\u0103 \u00eencuraj\u0103m s\u0103 verifica\u021bi cu regularitate aceast\u0103 Politic\u0103 referitoare la Cookie-uri pentru a lua cuno\u0219tin\u021b\u0103 de modific\u0103rile aduse acesteia.<\/p>\n<h3>List\u0103 cookie-uri<\/h3>\n<h4>Cookie-urile strict necesare<\/h4>\n<p>Aceste fi\u015fiere cookie sunt necesare pentru func\u021bionarea site-ului web \u0219i nu pot fi dezactivate \u00een sistemele noastre. Acestea sunt de obicei configurate pentru a r\u0103spunde ac\u021biunilor f\u0103cute de dvs. pentru a primi servicii, precum setarea preferin\u021belor de confiden\u021bialitate, autentificarea pe site sau completarea formularelor. Pute\u021bi configura browserul dvs. pentru a bloca sau alerta prezen\u021ba acestor cookie-uri, dar unele p\u0103r\u021bi ale site-ului nu vor mai func\u021biona. Aceste fi\u015fiere cookie nu stocheaz\u0103 informa\u021bii de identificare personal\u0103.<\/p>\n<h4>Cookie-uri de performan\u021b\u0103<\/h4>\n<p>Aceste fi\u015fiere cookie ne permit s\u0103 num\u0103r\u0103m vizitele \u0219i sursele de trafic, astfel \u00eenc\u00e2t s\u0103 putem m\u0103sura \u0219i \u00eembun\u0103t\u0103\u021bi performan\u021bele site-ului nostru. Ne ajut\u0103 s\u0103 \u0219tim ce pagini sunt mai mult sau mai pu\u021bin populare \u0219i s\u0103 vedem c\u00e2te persoane viziteaz\u0103 acest site. Toate informa\u021biile pe care le colecteaz\u0103 aceste cookie-uri sunt agregate \u0219i, prin urmare, anonime. Dac\u0103 nu permite\u0163i aceste cookie-uri, nu vom \u0219ti cand a\u021bi vizitat site-ul nostru \u0219i nu vom putea s\u0103-i monitoriz\u0103m performan\u021ba.<\/p>\n<h4>Cookie-uri de direc\u021bionare<\/h4>\n<p>Aceste cookie-uri pot fi setate pe site-ul nostru de c\u0103tre partenerii no\u0219tri de publicitate. Aceste companii le pot folosi pentru a crea un profil al intereselor \u0219i pentru v\u0103 a afi\u0219a anun\u021buri relevante pe alte site-uri. Nu stocheaz\u0103 informa\u021bii personale \u00een mod direct, ci se bazeaz\u0103 pe identificarea unic\u0103 a browserului \u0219i a dispozitivului dvs. de internet. Dac\u0103 nu permite\u021bi aceste cookie-uri, ve\u021bi avea parte de o publicitate mai pu\u021bin personalizat\u0103.<\/p>\n<p>&nbsp;<\/p>\n<\/div>\n","protected":false},"excerpt":{"rendered":"<p>Politica Cookies Cookie-uri necesare (NU necesit\u0103 acordul dumneavoastr\u0103 prealabil): sunt necesare pentru func\u021bionarea site-ului web \u0219i v\u0103 permit accesul la elementele relevante (cookie-uri de navigare): acestea sunt \u00een principal cookie-urile de sesiune. De asemenea, putem utiliza cookie-uri func\u021bionale care ne permit s\u0103 salv\u0103m preferin\u021bele \u0219i set\u0103rile&hellip;<\/p>\n","protected":false},"author":1,"featured_media":0,"parent":0,"menu_order":0,"comment_status":"closed","ping_status":"closed","template":"","meta":{"footnotes":""},"class_list":["post-1483","page","type-page","status-publish","hentry","last"],"_links":{"self":[{"href":"https:\/\/www.vinsicafealaenescu.ro\/index.php\/wp-json\/wp\/v2\/pages\/1483","targetHints":{"allow":["GET"]}}],"collection":[{"href":"https:\/\/www.vinsicafealaenescu.ro\/index.php\/wp-json\/wp\/v2\/pages"}],"about":[{"href":"https:\/\/www.vinsicafealaenescu.ro\/index.php\/wp-json\/wp\/v2\/types\/page"}],"author":[{"embeddable":true,"href":"https:\/\/www.vinsicafealaenescu.ro\/index.php\/wp-json\/wp\/v2\/users\/1"}],"replies":[{"embeddable":true,"href":"https:\/\/www.vinsicafealaenescu.ro\/index.php\/wp-json\/wp\/v2\/comments?post=1483"}],"version-history":[{"count":3,"href":"https:\/\/www.vinsicafealaenescu.ro\/index.php\/wp-json\/wp\/v2\/pages\/1483\/revisions"}],"predecessor-version":[{"id":1488,"href":"https:\/\/www.vinsicafealaenescu.ro\/index.php\/wp-json\/wp\/v2\/pages\/1483\/revisions\/1488"}],"wp:attachment":[{"href":"https:\/\/www.vinsicafealaenescu.ro\/index.php\/wp-json\/wp\/v2\/media?parent=1483"}],"curies":[{"name":"wp","href":"https:\/\/api.w.org\/{rel}","templated":true}]}}